{"id":95,"date":"2020-06-07T19:47:38","date_gmt":"2020-06-07T19:47:38","guid":{"rendered":"http:\/\/gunnarstorp.bthf.nu\/?page_id=95"},"modified":"2026-02-22T17:45:58","modified_gmt":"2026-02-22T16:45:58","slug":"arsprogram","status":"publish","type":"page","link":"https:\/\/gunnarstorp.bthf.nu\/index.php\/arsprogram\/","title":{"rendered":"\u00c5rsprogram"},"content":{"rendered":"\t\t<div data-elementor-type=\"wp-page\" data-elementor-id=\"95\" class=\"elementor elementor-95\">\n\t\t\t\t\t\t<section class=\"elementor-section elementor-top-section elementor-element elementor-element-b99ed6a elementor-section-boxed elementor-section-height-default elementor-section-height-default\" data-id=\"b99ed6a\" data-element_type=\"section\" data-e-type=\"section\">\n\t\t\t\t\t\t<div class=\"elementor-container elementor-column-gap-default\">\n\t\t\t\t\t<div class=\"elementor-column elementor-col-100 elementor-top-column elementor-element elementor-element-2b31801\" data-id=\"2b31801\" data-element_type=\"column\" data-e-type=\"column\">\n\t\t\t<div class=\"elementor-widget-wrap elementor-element-populated\">\n\t\t\t\t\t\t<div class=\"elementor-element elementor-element-2f8b5c7 elementor-widget elementor-widget-heading\" data-id=\"2f8b5c7\" data-element_type=\"widget\" data-e-type=\"widget\" data-widget_type=\"heading.default\">\n\t\t\t\t<div class=\"elementor-widget-container\">\n\t\t\t\t\t<h2 class=\"elementor-heading-title elementor-size-default\">Aktiviteter f\u00f6r 2026<\/h2>\t\t\t\t<\/div>\n\t\t\t\t<\/div>\n\t\t\t\t\t<\/div>\n\t\t<\/div>\n\t\t\t\t\t<\/div>\n\t\t<\/section>\n\t\t\t\t<section class=\"elementor-section elementor-top-section elementor-element elementor-element-a3305ff elementor-section-boxed elementor-section-height-default elementor-section-height-default\" data-id=\"a3305ff\" data-element_type=\"section\" data-e-type=\"section\">\n\t\t\t\t\t\t<div class=\"elementor-container elementor-column-gap-default\">\n\t\t\t\t\t<div class=\"elementor-column elementor-col-100 elementor-top-column elementor-element elementor-element-39c76fd\" data-id=\"39c76fd\" data-element_type=\"column\" data-e-type=\"column\">\n\t\t\t<div class=\"elementor-widget-wrap elementor-element-populated\">\n\t\t\t\t\t\t<div class=\"elementor-element elementor-element-062e567 elementor-widget elementor-widget-text-editor\" data-id=\"062e567\" data-element_type=\"widget\" data-e-type=\"widget\" data-widget_type=\"text-editor.default\">\n\t\t\t\t<div class=\"elementor-widget-container\">\n\t\t\t\t\t\t\t\t\t<ul><li>\u00c5rsm\u00f6te 11\/3 kl 19.00 i Tv\u00e4ttstugan<\/li><li>Gruvmuseet fyller 40 \u00e5r 24\/5<\/li><li>Midsommarfirande vid mangelboden 19\/6 kl. 13-15<\/li><li>Gunnarstorpsdagen 15\/8<\/li><li>Loppis i t\u00e4lten vid mangelboden 16\/8 kl. 10-13<\/li><li>Kulturarvsdagen 11\/9 &#8211; 13\/9<\/li><li>H\u00f6stm\u00f6te 22\/10 kl. 18.30<\/li><li>Halloween med sp\u00f6krunda 24\/10<\/li><\/ul>\t\t\t\t\t\t\t\t<\/div>\n\t\t\t\t<\/div>\n\t\t\t\t\t<\/div>\n\t\t<\/div>\n\t\t\t\t\t<\/div>\n\t\t<\/section>\n\t\t\t\t<\/div>\n\t\t","protected":false},"excerpt":{"rendered":"<p>Aktiviteter f\u00f6r 2026 \u00c5rsm\u00f6te 11\/3 kl 19.00 i Tv\u00e4ttstugan Gruvmuseet fyller 40 \u00e5r 24\/5 Midsommarfirande vid mangelboden 19\/6 kl. 13-15 Gunnarstorpsdagen 15\/8 Loppis i t\u00e4lten&hellip;<\/p>\n","protected":false},"author":1,"featured_media":0,"parent":0,"menu_order":0,"comment_status":"closed","ping_status":"closed","template":"","meta":{"footnotes":""},"class_list":["post-95","page","type-page","status-publish","hentry"],"jetpack_sharing_enabled":true,"_links":{"self":[{"href":"https:\/\/gunnarstorp.bthf.nu\/index.php\/wp-json\/wp\/v2\/pages\/95","targetHints":{"allow":["GET"]}}],"collection":[{"href":"https:\/\/gunnarstorp.bthf.nu\/index.php\/wp-json\/wp\/v2\/pages"}],"about":[{"href":"https:\/\/gunnarstorp.bthf.nu\/index.php\/wp-json\/wp\/v2\/types\/page"}],"author":[{"embeddable":true,"href":"https:\/\/gunnarstorp.bthf.nu\/index.php\/wp-json\/wp\/v2\/users\/1"}],"replies":[{"embeddable":true,"href":"https:\/\/gunnarstorp.bthf.nu\/index.php\/wp-json\/wp\/v2\/comments?post=95"}],"version-history":[{"count":37,"href":"https:\/\/gunnarstorp.bthf.nu\/index.php\/wp-json\/wp\/v2\/pages\/95\/revisions"}],"predecessor-version":[{"id":301,"href":"https:\/\/gunnarstorp.bthf.nu\/index.php\/wp-json\/wp\/v2\/pages\/95\/revisions\/301"}],"wp:attachment":[{"href":"https:\/\/gunnarstorp.bthf.nu\/index.php\/wp-json\/wp\/v2\/media?parent=95"}],"curies":[{"name":"wp","href":"https:\/\/api.w.org\/{rel}","templated":true}]}}