{"id":38,"date":"2020-06-07T13:52:47","date_gmt":"2020-06-07T13:52:47","guid":{"rendered":"http:\/\/gunnarstorp.bthf.nu\/?page_id=38"},"modified":"2024-04-08T15:54:05","modified_gmt":"2024-04-08T13:54:05","slug":"medlem","status":"publish","type":"page","link":"https:\/\/gunnarstorp.bthf.nu\/index.php\/medlem\/","title":{"rendered":"Medlem"},"content":{"rendered":"\t\t<div data-elementor-type=\"wp-page\" data-elementor-id=\"38\" class=\"elementor elementor-38\">\n\t\t\t\t\t\t<section class=\"elementor-section elementor-top-section elementor-element elementor-element-f693f1c elementor-section-boxed elementor-section-height-default elementor-section-height-default\" data-id=\"f693f1c\" data-element_type=\"section\" data-e-type=\"section\">\n\t\t\t\t\t\t<div class=\"elementor-container elementor-column-gap-default\">\n\t\t\t\t\t<div class=\"elementor-column elementor-col-50 elementor-top-column elementor-element elementor-element-bf35910\" data-id=\"bf35910\" data-element_type=\"column\" data-e-type=\"column\">\n\t\t\t<div class=\"elementor-widget-wrap elementor-element-populated\">\n\t\t\t\t\t\t<div class=\"elementor-element elementor-element-52c765d elementor-widget elementor-widget-image\" data-id=\"52c765d\" data-element_type=\"widget\" data-e-type=\"widget\" data-widget_type=\"image.default\">\n\t\t\t\t<div class=\"elementor-widget-container\">\n\t\t\t\t\t\t\t\t\t\t\t\t\t\t\t<img fetchpriority=\"high\" decoding=\"async\" data-attachment-id=\"93\" data-permalink=\"https:\/\/gunnarstorp.bthf.nu\/index.php\/medlem\/group-42917_1280\/\" data-orig-file=\"https:\/\/i0.wp.com\/gunnarstorp.bthf.nu\/wp-content\/uploads\/2020\/06\/group-42917_1280.png?fit=1280%2C1190&amp;ssl=1\" data-orig-size=\"1280,1190\" data-comments-opened=\"1\" data-image-meta=\"{&quot;aperture&quot;:&quot;0&quot;,&quot;credit&quot;:&quot;&quot;,&quot;camera&quot;:&quot;&quot;,&quot;caption&quot;:&quot;&quot;,&quot;created_timestamp&quot;:&quot;0&quot;,&quot;copyright&quot;:&quot;&quot;,&quot;focal_length&quot;:&quot;0&quot;,&quot;iso&quot;:&quot;0&quot;,&quot;shutter_speed&quot;:&quot;0&quot;,&quot;title&quot;:&quot;&quot;,&quot;orientation&quot;:&quot;0&quot;}\" data-image-title=\"group-42917_1280\" data-image-description=\"\" data-image-caption=\"\" data-medium-file=\"https:\/\/i0.wp.com\/gunnarstorp.bthf.nu\/wp-content\/uploads\/2020\/06\/group-42917_1280.png?fit=300%2C279&amp;ssl=1\" data-large-file=\"https:\/\/i0.wp.com\/gunnarstorp.bthf.nu\/wp-content\/uploads\/2020\/06\/group-42917_1280.png?fit=843%2C784&amp;ssl=1\" width=\"300\" height=\"279\" src=\"https:\/\/i0.wp.com\/gunnarstorp.bthf.nu\/wp-content\/uploads\/2020\/06\/group-42917_1280.png?fit=300%2C279&amp;ssl=1\" class=\"attachment-medium size-medium wp-image-93\" alt=\"\" srcset=\"https:\/\/i0.wp.com\/gunnarstorp.bthf.nu\/wp-content\/uploads\/2020\/06\/group-42917_1280.png?w=1280&amp;ssl=1 1280w, https:\/\/i0.wp.com\/gunnarstorp.bthf.nu\/wp-content\/uploads\/2020\/06\/group-42917_1280.png?resize=300%2C279&amp;ssl=1 300w, https:\/\/i0.wp.com\/gunnarstorp.bthf.nu\/wp-content\/uploads\/2020\/06\/group-42917_1280.png?resize=1024%2C952&amp;ssl=1 1024w, https:\/\/i0.wp.com\/gunnarstorp.bthf.nu\/wp-content\/uploads\/2020\/06\/group-42917_1280.png?resize=768%2C714&amp;ssl=1 768w, https:\/\/i0.wp.com\/gunnarstorp.bthf.nu\/wp-content\/uploads\/2020\/06\/group-42917_1280.png?resize=600%2C558&amp;ssl=1 600w\" sizes=\"(max-width: 300px) 100vw, 300px\" data-attachment-id=\"93\" data-permalink=\"https:\/\/gunnarstorp.bthf.nu\/index.php\/medlem\/group-42917_1280\/\" data-orig-file=\"https:\/\/i0.wp.com\/gunnarstorp.bthf.nu\/wp-content\/uploads\/2020\/06\/group-42917_1280.png?fit=1280%2C1190&amp;ssl=1\" data-orig-size=\"1280,1190\" data-comments-opened=\"1\" data-image-meta=\"{&quot;aperture&quot;:&quot;0&quot;,&quot;credit&quot;:&quot;&quot;,&quot;camera&quot;:&quot;&quot;,&quot;caption&quot;:&quot;&quot;,&quot;created_timestamp&quot;:&quot;0&quot;,&quot;copyright&quot;:&quot;&quot;,&quot;focal_length&quot;:&quot;0&quot;,&quot;iso&quot;:&quot;0&quot;,&quot;shutter_speed&quot;:&quot;0&quot;,&quot;title&quot;:&quot;&quot;,&quot;orientation&quot;:&quot;0&quot;}\" data-image-title=\"group-42917_1280\" data-image-description=\"\" data-image-caption=\"\" data-medium-file=\"https:\/\/i0.wp.com\/gunnarstorp.bthf.nu\/wp-content\/uploads\/2020\/06\/group-42917_1280.png?fit=300%2C279&amp;ssl=1\" data-large-file=\"https:\/\/i0.wp.com\/gunnarstorp.bthf.nu\/wp-content\/uploads\/2020\/06\/group-42917_1280.png?fit=843%2C784&amp;ssl=1\" \/>\t\t\t\t\t\t\t\t\t\t\t\t\t\t\t<\/div>\n\t\t\t\t<\/div>\n\t\t\t\t\t<\/div>\n\t\t<\/div>\n\t\t\t\t<div class=\"elementor-column elementor-col-50 elementor-top-column elementor-element elementor-element-024d9c9\" data-id=\"024d9c9\" data-element_type=\"column\" data-e-type=\"column\">\n\t\t\t<div class=\"elementor-widget-wrap elementor-element-populated\">\n\t\t\t\t\t\t<div class=\"elementor-element elementor-element-0938f90 elementor-widget elementor-widget-text-editor\" data-id=\"0938f90\" data-element_type=\"widget\" data-e-type=\"widget\" data-widget_type=\"text-editor.default\">\n\t\t\t\t<div class=\"elementor-widget-container\">\n\t\t\t\t\t\t\t\t\t<p>Alla som vill f\u00e5r bli medlem i f\u00f6reningen. Avgiften \u00e4r 200 kr per \u00e5r och familj.<br \/>S\u00e4tt in 200 kr p\u00e5 bg nr 317-2343. (Gl\u00f6m inte att skriva namn och adress.)<br \/>F\u00f6r mer information kontakta kass\u00f6r Lena Fors Koyuncu tel 0735 057 906.<\/p>\t\t\t\t\t\t\t\t<\/div>\n\t\t\t\t<\/div>\n\t\t\t\t\t<\/div>\n\t\t<\/div>\n\t\t\t\t\t<\/div>\n\t\t<\/section>\n\t\t\t\t<\/div>\n\t\t","protected":false},"excerpt":{"rendered":"<p>Alla som vill f\u00e5r bli medlem i f\u00f6reningen. Avgiften \u00e4r 200 kr per \u00e5r och familj.S\u00e4tt in 200 kr p\u00e5 bg nr 317-2343. (Gl\u00f6m inte&hellip;<\/p>\n","protected":false},"author":1,"featured_media":0,"parent":0,"menu_order":0,"comment_status":"closed","ping_status":"closed","template":"","meta":{"footnotes":""},"class_list":["post-38","page","type-page","status-publish","hentry"],"jetpack_sharing_enabled":true,"_links":{"self":[{"href":"https:\/\/gunnarstorp.bthf.nu\/index.php\/wp-json\/wp\/v2\/pages\/38","targetHints":{"allow":["GET"]}}],"collection":[{"href":"https:\/\/gunnarstorp.bthf.nu\/index.php\/wp-json\/wp\/v2\/pages"}],"about":[{"href":"https:\/\/gunnarstorp.bthf.nu\/index.php\/wp-json\/wp\/v2\/types\/page"}],"author":[{"embeddable":true,"href":"https:\/\/gunnarstorp.bthf.nu\/index.php\/wp-json\/wp\/v2\/users\/1"}],"replies":[{"embeddable":true,"href":"https:\/\/gunnarstorp.bthf.nu\/index.php\/wp-json\/wp\/v2\/comments?post=38"}],"version-history":[{"count":9,"href":"https:\/\/gunnarstorp.bthf.nu\/index.php\/wp-json\/wp\/v2\/pages\/38\/revisions"}],"predecessor-version":[{"id":232,"href":"https:\/\/gunnarstorp.bthf.nu\/index.php\/wp-json\/wp\/v2\/pages\/38\/revisions\/232"}],"wp:attachment":[{"href":"https:\/\/gunnarstorp.bthf.nu\/index.php\/wp-json\/wp\/v2\/media?parent=38"}],"curies":[{"name":"wp","href":"https:\/\/api.w.org\/{rel}","templated":true}]}}