{"id":36,"date":"2020-06-07T13:57:03","date_gmt":"2020-06-07T13:57:03","guid":{"rendered":"http:\/\/gunnarstorp.bthf.nu\/?page_id=36"},"modified":"2026-03-16T08:20:58","modified_gmt":"2026-03-16T07:20:58","slug":"styrelsen","status":"publish","type":"page","link":"https:\/\/gunnarstorp.bthf.nu\/index.php\/styrelsen\/","title":{"rendered":"Styrelsen"},"content":{"rendered":"\t\t<div data-elementor-type=\"wp-page\" data-elementor-id=\"36\" class=\"elementor elementor-36\">\n\t\t\t\t\t\t<section class=\"elementor-section elementor-top-section elementor-element elementor-element-b696142 elementor-section-boxed elementor-section-height-default elementor-section-height-default\" data-id=\"b696142\" data-element_type=\"section\" data-e-type=\"section\">\n\t\t\t\t\t\t<div class=\"elementor-container elementor-column-gap-default\">\n\t\t\t\t\t<div class=\"elementor-column elementor-col-50 elementor-top-column elementor-element elementor-element-0ac1261\" data-id=\"0ac1261\" data-element_type=\"column\" data-e-type=\"column\">\n\t\t\t<div class=\"elementor-widget-wrap elementor-element-populated\">\n\t\t\t\t\t\t<div class=\"elementor-element elementor-element-7bc0956 elementor-widget elementor-widget-image\" data-id=\"7bc0956\" data-element_type=\"widget\" data-e-type=\"widget\" data-widget_type=\"image.default\">\n\t\t\t\t<div class=\"elementor-widget-container\">\n\t\t\t\t\t\t\t\t\t\t\t\t\t\t\t<img fetchpriority=\"high\" decoding=\"async\" data-attachment-id=\"10\" data-permalink=\"https:\/\/gunnarstorp.bthf.nu\/index.php\/elementor-7\/attachment\/173\/\" data-orig-file=\"https:\/\/i0.wp.com\/gunnarstorp.bthf.nu\/wp-content\/uploads\/2020\/06\/173.jpg?fit=349%2C296&amp;ssl=1\" data-orig-size=\"349,296\" data-comments-opened=\"1\" data-image-meta=\"{&quot;aperture&quot;:&quot;0&quot;,&quot;credit&quot;:&quot;&quot;,&quot;camera&quot;:&quot;&quot;,&quot;caption&quot;:&quot;&quot;,&quot;created_timestamp&quot;:&quot;0&quot;,&quot;copyright&quot;:&quot;&quot;,&quot;focal_length&quot;:&quot;0&quot;,&quot;iso&quot;:&quot;0&quot;,&quot;shutter_speed&quot;:&quot;0&quot;,&quot;title&quot;:&quot;&quot;,&quot;orientation&quot;:&quot;0&quot;}\" data-image-title=\"173\" data-image-description=\"\" data-image-caption=\"\" data-medium-file=\"https:\/\/i0.wp.com\/gunnarstorp.bthf.nu\/wp-content\/uploads\/2020\/06\/173.jpg?fit=300%2C254&amp;ssl=1\" data-large-file=\"https:\/\/i0.wp.com\/gunnarstorp.bthf.nu\/wp-content\/uploads\/2020\/06\/173.jpg?fit=349%2C296&amp;ssl=1\" width=\"349\" height=\"296\" src=\"https:\/\/i0.wp.com\/gunnarstorp.bthf.nu\/wp-content\/uploads\/2020\/06\/173.jpg?fit=349%2C296&amp;ssl=1\" class=\"attachment-large size-large wp-image-10\" alt=\"\" srcset=\"https:\/\/i0.wp.com\/gunnarstorp.bthf.nu\/wp-content\/uploads\/2020\/06\/173.jpg?w=349&amp;ssl=1 349w, https:\/\/i0.wp.com\/gunnarstorp.bthf.nu\/wp-content\/uploads\/2020\/06\/173.jpg?resize=300%2C254&amp;ssl=1 300w\" sizes=\"(max-width: 349px) 100vw, 349px\" data-attachment-id=\"10\" data-permalink=\"https:\/\/gunnarstorp.bthf.nu\/index.php\/elementor-7\/attachment\/173\/\" data-orig-file=\"https:\/\/i0.wp.com\/gunnarstorp.bthf.nu\/wp-content\/uploads\/2020\/06\/173.jpg?fit=349%2C296&amp;ssl=1\" data-orig-size=\"349,296\" data-comments-opened=\"1\" data-image-meta=\"{&quot;aperture&quot;:&quot;0&quot;,&quot;credit&quot;:&quot;&quot;,&quot;camera&quot;:&quot;&quot;,&quot;caption&quot;:&quot;&quot;,&quot;created_timestamp&quot;:&quot;0&quot;,&quot;copyright&quot;:&quot;&quot;,&quot;focal_length&quot;:&quot;0&quot;,&quot;iso&quot;:&quot;0&quot;,&quot;shutter_speed&quot;:&quot;0&quot;,&quot;title&quot;:&quot;&quot;,&quot;orientation&quot;:&quot;0&quot;}\" data-image-title=\"173\" data-image-description=\"\" data-image-caption=\"\" data-medium-file=\"https:\/\/i0.wp.com\/gunnarstorp.bthf.nu\/wp-content\/uploads\/2020\/06\/173.jpg?fit=300%2C254&amp;ssl=1\" data-large-file=\"https:\/\/i0.wp.com\/gunnarstorp.bthf.nu\/wp-content\/uploads\/2020\/06\/173.jpg?fit=349%2C296&amp;ssl=1\" \/>\t\t\t\t\t\t\t\t\t\t\t\t\t\t\t<\/div>\n\t\t\t\t<\/div>\n\t\t\t\t\t<\/div>\n\t\t<\/div>\n\t\t\t\t<div class=\"elementor-column elementor-col-50 elementor-top-column elementor-element elementor-element-f0a6789\" data-id=\"f0a6789\" data-element_type=\"column\" data-e-type=\"column\">\n\t\t\t<div class=\"elementor-widget-wrap elementor-element-populated\">\n\t\t\t\t\t\t<div class=\"elementor-element elementor-element-42a6715 elementor-widget elementor-widget-text-editor\" data-id=\"42a6715\" data-element_type=\"widget\" data-e-type=\"widget\" data-widget_type=\"text-editor.default\">\n\t\t\t\t<div class=\"elementor-widget-container\">\n\t\t\t\t\t\t\t\t\t<p>F\u00f6reningens styrelse kommer till att best\u00e5 av f\u00f6ljande medlemmar under 2026<\/p>\t\t\t\t\t\t\t\t<\/div>\n\t\t\t\t<\/div>\n\t\t\t\t<section class=\"elementor-section elementor-inner-section elementor-element elementor-element-31c1bb9 elementor-section-boxed elementor-section-height-default elementor-section-height-default\" data-id=\"31c1bb9\" data-element_type=\"section\" data-e-type=\"section\">\n\t\t\t\t\t\t<div class=\"elementor-container elementor-column-gap-default\">\n\t\t\t\t\t<div class=\"elementor-column elementor-col-50 elementor-inner-column elementor-element elementor-element-cc02741\" data-id=\"cc02741\" data-element_type=\"column\" data-e-type=\"column\">\n\t\t\t<div class=\"elementor-widget-wrap elementor-element-populated\">\n\t\t\t\t\t\t<div class=\"elementor-element elementor-element-2352f70 elementor-widget__width-initial elementor-widget elementor-widget-text-editor\" data-id=\"2352f70\" data-element_type=\"widget\" data-e-type=\"widget\" data-widget_type=\"text-editor.default\">\n\t\t\t\t<div class=\"elementor-widget-container\">\n\t\t\t\t\t\t\t\t\t<p>Ordf\u00f6rande <br \/>V.Ordf\u00f6rande<br \/>Sekreterare<br \/>Kass\u00f6r<br \/>Ledamot<br \/>Suppleanter<br \/>Revisorer<br \/><br \/><\/p>\t\t\t\t\t\t\t\t<\/div>\n\t\t\t\t<\/div>\n\t\t\t\t\t<\/div>\n\t\t<\/div>\n\t\t\t\t<div class=\"elementor-column elementor-col-50 elementor-inner-column elementor-element elementor-element-259867b\" data-id=\"259867b\" data-element_type=\"column\" data-e-type=\"column\">\n\t\t\t<div class=\"elementor-widget-wrap elementor-element-populated\">\n\t\t\t\t\t\t<div class=\"elementor-element elementor-element-81d5b16 elementor-widget elementor-widget-text-editor\" data-id=\"81d5b16\" data-element_type=\"widget\" data-e-type=\"widget\" data-widget_type=\"text-editor.default\">\n\t\t\t\t<div class=\"elementor-widget-container\">\n\t\t\t\t\t\t\t\t\t<p>Lena Didrichsen 0765 836 430<br>Vakant<br>Emma Ullerholm 0708 859 654<br>Lena Fors Koyuncu 0735 057 906<br>Johan Huhle &amp; Linus Svensson<br>Leif Th\u00f6rnqvist &amp; Staffan Nilsson&nbsp;<br>Ingmar Sj\u00f6strand<\/p>\n<p>Styrelsen utg\u00f6r valberedning&nbsp;<\/p>\t\t\t\t\t\t\t\t<\/div>\n\t\t\t\t<\/div>\n\t\t\t\t\t<\/div>\n\t\t<\/div>\n\t\t\t\t\t<\/div>\n\t\t<\/section>\n\t\t\t\t\t<\/div>\n\t\t<\/div>\n\t\t\t\t\t<\/div>\n\t\t<\/section>\n\t\t\t\t<\/div>\n\t\t","protected":false},"excerpt":{"rendered":"<p>F\u00f6reningens styrelse kommer till att best\u00e5 av f\u00f6ljande medlemmar under 2026 Ordf\u00f6rande V.Ordf\u00f6randeSekreterareKass\u00f6rLedamotSuppleanterRevisorer Lena Didrichsen 0765 836 430VakantEmma Ullerholm 0708 859 654Lena Fors Koyuncu 0735&hellip;<\/p>\n","protected":false},"author":1,"featured_media":0,"parent":0,"menu_order":0,"comment_status":"closed","ping_status":"closed","template":"","meta":{"footnotes":""},"class_list":["post-36","page","type-page","status-publish","hentry"],"jetpack_sharing_enabled":true,"_links":{"self":[{"href":"https:\/\/gunnarstorp.bthf.nu\/index.php\/wp-json\/wp\/v2\/pages\/36","targetHints":{"allow":["GET"]}}],"collection":[{"href":"https:\/\/gunnarstorp.bthf.nu\/index.php\/wp-json\/wp\/v2\/pages"}],"about":[{"href":"https:\/\/gunnarstorp.bthf.nu\/index.php\/wp-json\/wp\/v2\/types\/page"}],"author":[{"embeddable":true,"href":"https:\/\/gunnarstorp.bthf.nu\/index.php\/wp-json\/wp\/v2\/users\/1"}],"replies":[{"embeddable":true,"href":"https:\/\/gunnarstorp.bthf.nu\/index.php\/wp-json\/wp\/v2\/comments?post=36"}],"version-history":[{"count":52,"href":"https:\/\/gunnarstorp.bthf.nu\/index.php\/wp-json\/wp\/v2\/pages\/36\/revisions"}],"predecessor-version":[{"id":310,"href":"https:\/\/gunnarstorp.bthf.nu\/index.php\/wp-json\/wp\/v2\/pages\/36\/revisions\/310"}],"wp:attachment":[{"href":"https:\/\/gunnarstorp.bthf.nu\/index.php\/wp-json\/wp\/v2\/media?parent=36"}],"curies":[{"name":"wp","href":"https:\/\/api.w.org\/{rel}","templated":true}]}}