{"id":34,"date":"2020-06-07T13:51:09","date_gmt":"2020-06-07T13:51:09","guid":{"rendered":"http:\/\/gunnarstorp.bthf.nu\/?page_id=34"},"modified":"2020-06-07T13:52:29","modified_gmt":"2020-06-07T13:52:29","slug":"foreningen","status":"publish","type":"page","link":"https:\/\/gunnarstorp.bthf.nu\/index.php\/foreningen\/","title":{"rendered":"F\u00f6reningen"},"content":{"rendered":"\t\t<div data-elementor-type=\"wp-page\" data-elementor-id=\"34\" class=\"elementor elementor-34\">\n\t\t\t\t\t\t<section class=\"elementor-section elementor-top-section elementor-element elementor-element-283ff62 elementor-section-boxed elementor-section-height-default elementor-section-height-default\" data-id=\"283ff62\" data-element_type=\"section\" data-e-type=\"section\">\n\t\t\t\t\t\t<div class=\"elementor-container elementor-column-gap-default\">\n\t\t\t\t\t<div class=\"elementor-column elementor-col-100 elementor-top-column elementor-element elementor-element-8795000\" data-id=\"8795000\" data-element_type=\"column\" data-e-type=\"column\">\n\t\t\t<div class=\"elementor-widget-wrap elementor-element-populated\">\n\t\t\t\t\t\t<div class=\"elementor-element elementor-element-e2e05a9 elementor-widget elementor-widget-text-editor\" data-id=\"e2e05a9\" data-element_type=\"widget\" data-e-type=\"widget\" data-widget_type=\"text-editor.default\">\n\t\t\t\t<div class=\"elementor-widget-container\">\n\t\t\t\t\t\t\t\t\tDen 31 oktober 1997 stod att l\u00e4sa i NST att kommunen t\u00e4nkte s\u00e4lja den gamla tv\u00e4ttstugan p\u00e5 Fl\u00f6tsgatan i Gunnarstorp. P\u00e5 tomten fanns \u00e4ven mangelboden som gunnarstorpare hade anv\u00e4nt i n\u00e4stan 80 \u00e5r. Folk samlades f\u00f6r att r\u00e4dda mangeln, s\u00e5 att man kunde forts\u00e4tta att mangla.\n\nVid ett m\u00f6te med Bjuvs kommun den 16 mars 1998 uts\u00e5gs en interimsstyrelse till f\u00f6reningen, d\u00e4r man enades om syftet att bevara kulturella v\u00e4rden mm i Gunnarstorp.\nF\u00f6reningen, Gunnarstorps Byaf\u00f6rening, bildades sen den 11\/5 1998, vid ett m\u00f6te i Torn\u00e9vallens klubbstuga.\n\nDen f\u00f6rsta stora uppgiften f\u00f6reningen fick var att flytta den stora mangeln, samt boden den stod i, till en ny plats p\u00e5 Vinkelgatan. D\u00e4r byggdes en liten klubbstuga.\u00a0 Den 17april 1999 skedde flytten till den nya platsen. Ett \u00e5r senare, den 17 juni 2000, var det invigning och hemv\u00e4ndardag. Det kom omkring 300 personer till festen.\n\nLite senare kom en andra uppgift n\u00e4r byaf\u00f6reningen k\u00f6pte den gamla tv\u00e4ttstugan p\u00e5 Fl\u00f6tsgatan. Ett avtal med kommunen uppr\u00e4ttades och gick ut p\u00e5 att byaf\u00f6reningen, fr\u00e5n den 1 juli 2001 till och med den 30 juni 2006, hade ansvaret f\u00f6r klippningen av gr\u00e4sytorna p\u00e5 lekplatsen vid Vinkelgatan. Gr\u00e4sytorna skulle klippas minst tio g\u00e5nger per s\u00e4song. Som ers\u00e4ttning f\u00f6r detta erh\u00f6ll f\u00f6reningen en eng\u00e5ngssumma om 26\u00a0000kr. Ers\u00e4ttningen erlades i f\u00f6rskott den 29 juni 2001 och anv\u00e4ndes som betalning f\u00f6r tv\u00e4ttstugan.\nEfter m\u00e5nga frivilliga arbetstimmar kunde s\u00e5 tv\u00e4ttstugan invigas den 28 juni 2008.\t\t\t\t\t\t\t\t<\/div>\n\t\t\t\t<\/div>\n\t\t\t\t\t<\/div>\n\t\t<\/div>\n\t\t\t\t\t<\/div>\n\t\t<\/section>\n\t\t\t\t<\/div>\n\t\t","protected":false},"excerpt":{"rendered":"<p>Den 31 oktober 1997 stod att l\u00e4sa i NST att kommunen t\u00e4nkte s\u00e4lja den gamla tv\u00e4ttstugan p\u00e5 Fl\u00f6tsgatan i Gunnarstorp. P\u00e5 tomten fanns \u00e4ven mangelboden&hellip;<\/p>\n","protected":false},"author":1,"featured_media":0,"parent":0,"menu_order":0,"comment_status":"closed","ping_status":"closed","template":"","meta":{"footnotes":""},"class_list":["post-34","page","type-page","status-publish","hentry"],"jetpack_sharing_enabled":true,"_links":{"self":[{"href":"https:\/\/gunnarstorp.bthf.nu\/index.php\/wp-json\/wp\/v2\/pages\/34","targetHints":{"allow":["GET"]}}],"collection":[{"href":"https:\/\/gunnarstorp.bthf.nu\/index.php\/wp-json\/wp\/v2\/pages"}],"about":[{"href":"https:\/\/gunnarstorp.bthf.nu\/index.php\/wp-json\/wp\/v2\/types\/page"}],"author":[{"embeddable":true,"href":"https:\/\/gunnarstorp.bthf.nu\/index.php\/wp-json\/wp\/v2\/users\/1"}],"replies":[{"embeddable":true,"href":"https:\/\/gunnarstorp.bthf.nu\/index.php\/wp-json\/wp\/v2\/comments?post=34"}],"version-history":[{"count":2,"href":"https:\/\/gunnarstorp.bthf.nu\/index.php\/wp-json\/wp\/v2\/pages\/34\/revisions"}],"predecessor-version":[{"id":53,"href":"https:\/\/gunnarstorp.bthf.nu\/index.php\/wp-json\/wp\/v2\/pages\/34\/revisions\/53"}],"wp:attachment":[{"href":"https:\/\/gunnarstorp.bthf.nu\/index.php\/wp-json\/wp\/v2\/media?parent=34"}],"curies":[{"name":"wp","href":"https:\/\/api.w.org\/{rel}","templated":true}]}}